{"id":20,"date":"2021-11-29T19:43:22","date_gmt":"2021-11-29T19:43:22","guid":{"rendered":"https:\/\/fundaciontrafkin.org.ar\/?page_id=20"},"modified":"2022-01-12T19:40:03","modified_gmt":"2022-01-12T19:40:03","slug":"contacto","status":"publish","type":"page","link":"https:\/\/fundaciontrafkin.org.ar\/index.php\/contacto\/","title":{"rendered":"Contacto"},"content":{"rendered":"\t\t<div data-elementor-type=\"wp-page\" data-elementor-id=\"20\" class=\"elementor elementor-20\">\n\t\t\t\t\t\t<section class=\"elementor-section elementor-top-section elementor-element elementor-element-6a42a9a7 elementor-section-full_width elementor-section-height-default elementor-section-height-default\" data-id=\"6a42a9a7\" data-element_type=\"section\" data-e-type=\"section\" data-settings=\"{&quot;background_background&quot;:&quot;classic&quot;}\">\n\t\t\t\t\t\t<div class=\"elementor-container elementor-column-gap-no\">\n\t\t\t\t\t<div class=\"elementor-column elementor-col-100 elementor-top-column elementor-element elementor-element-4b3c4cbc\" data-id=\"4b3c4cbc\" data-element_type=\"column\" data-e-type=\"column\">\n\t\t\t<div class=\"elementor-widget-wrap elementor-element-populated\">\n\t\t\t\t\t\t<div class=\"elementor-element elementor-element-2ec09f17 elementor-widget elementor-widget-google_maps\" data-id=\"2ec09f17\" data-element_type=\"widget\" data-e-type=\"widget\" data-widget_type=\"google_maps.default\">\n\t\t\t\t<div class=\"elementor-widget-container\">\n\t\t\t\t\t\t\t<div class=\"elementor-custom-embed\">\n\t\t\t<iframe loading=\"lazy\"\n\t\t\t\t\tsrc=\"https:\/\/maps.google.com\/maps?q=Cordoba%204725%2C%20Rosario%2C%20Santa%20Fe&#038;t=m&#038;z=15&#038;output=embed&#038;iwloc=near\"\n\t\t\t\t\ttitle=\"Cordoba 4725, Rosario, Santa Fe\"\n\t\t\t\t\taria-label=\"Cordoba 4725, Rosario, Santa Fe\"\n\t\t\t><\/iframe>\n\t\t<\/div>\n\t\t\t\t\t\t<\/div>\n\t\t\t\t<\/div>\n\t\t\t\t<section class=\"elementor-section elementor-inner-section elementor-element elementor-element-5d111b17 elementor-section-content-middle elementor-section-boxed elementor-section-height-default elementor-section-height-default\" data-id=\"5d111b17\" data-element_type=\"section\" data-e-type=\"section\">\n\t\t\t\t\t\t<div class=\"elementor-container elementor-column-gap-no\">\n\t\t\t\t\t<div class=\"elementor-column elementor-col-50 elementor-inner-column elementor-element elementor-element-2e16def6\" data-id=\"2e16def6\" data-element_type=\"column\" data-e-type=\"column\">\n\t\t\t<div class=\"elementor-widget-wrap elementor-element-populated\">\n\t\t\t\t\t\t<div class=\"elementor-element elementor-element-531f037c elementor-widget elementor-widget-heading\" data-id=\"531f037c\" data-element_type=\"widget\" data-e-type=\"widget\" data-widget_type=\"heading.default\">\n\t\t\t\t<div class=\"elementor-widget-container\">\n\t\t\t\t\t<h6 class=\"elementor-heading-title elementor-size-default\">Direcci\u00f3n<\/h6>\t\t\t\t<\/div>\n\t\t\t\t<\/div>\n\t\t\t\t<div class=\"elementor-element elementor-element-5febb129 elementor-widget elementor-widget-text-editor\" data-id=\"5febb129\" data-element_type=\"widget\" data-e-type=\"widget\" data-widget_type=\"text-editor.default\">\n\t\t\t\t<div class=\"elementor-widget-container\">\n\t\t\t\t\t\t\t\t\t<p>C\u00f3rdoba 4725, Rosario,<\/p><p>Santa Fe, Argentina<\/p>\t\t\t\t\t\t\t\t<\/div>\n\t\t\t\t<\/div>\n\t\t\t\t\t<\/div>\n\t\t<\/div>\n\t\t\t\t<div class=\"elementor-column elementor-col-50 elementor-inner-column elementor-element elementor-element-71b142ac\" data-id=\"71b142ac\" data-element_type=\"column\" data-e-type=\"column\">\n\t\t\t<div class=\"elementor-widget-wrap elementor-element-populated\">\n\t\t\t\t\t\t<div class=\"elementor-element elementor-element-78114773 elementor-widget elementor-widget-heading\" data-id=\"78114773\" data-element_type=\"widget\" data-e-type=\"widget\" data-widget_type=\"heading.default\">\n\t\t\t\t<div class=\"elementor-widget-container\">\n\t\t\t\t\t<h6 class=\"elementor-heading-title elementor-size-default\">Contacto<\/h6>\t\t\t\t<\/div>\n\t\t\t\t<\/div>\n\t\t\t\t<div class=\"elementor-element elementor-element-56be7c20 elementor-widget elementor-widget-text-editor\" data-id=\"56be7c20\" data-element_type=\"widget\" data-e-type=\"widget\" data-widget_type=\"text-editor.default\">\n\t\t\t\t<div class=\"elementor-widget-container\">\n\t\t\t\t\t\t\t\t\t<p>0341 4554101 \/ 0341 2553010<\/p><p>fundaciontrafkin@gmail.com<\/p>\t\t\t\t\t\t\t\t<\/div>\n\t\t\t\t<\/div>\n\t\t\t\t\t<\/div>\n\t\t<\/div>\n\t\t\t\t\t<\/div>\n\t\t<\/section>\n\t\t\t\t\t<\/div>\n\t\t<\/div>\n\t\t\t\t\t<\/div>\n\t\t<\/section>\n\t\t\t\t<section class=\"elementor-section elementor-top-section elementor-element elementor-element-0060280 elementor-section-boxed elementor-section-height-default elementor-section-height-default\" data-id=\"0060280\" data-element_type=\"section\" data-e-type=\"section\">\n\t\t\t\t\t\t<div class=\"elementor-container elementor-column-gap-default\">\n\t\t\t\t\t<div class=\"elementor-column elementor-col-100 elementor-top-column elementor-element elementor-element-c7c3663\" data-id=\"c7c3663\" data-element_type=\"column\" data-e-type=\"column\">\n\t\t\t<div class=\"elementor-widget-wrap elementor-element-populated\">\n\t\t\t\t\t\t<div class=\"elementor-element elementor-element-18ad000 elementor-widget elementor-widget-heading\" data-id=\"18ad000\" data-element_type=\"widget\" data-e-type=\"widget\" data-widget_type=\"heading.default\">\n\t\t\t\t<div class=\"elementor-widget-container\">\n\t\t\t\t\t<h2 class=\"elementor-heading-title elementor-size-default\">Formulario<\/h2>\t\t\t\t<\/div>\n\t\t\t\t<\/div>\n\t\t\t\t<div class=\"elementor-element elementor-element-5eea10c elementor-widget elementor-widget-shortcode\" data-id=\"5eea10c\" data-element_type=\"widget\" data-e-type=\"widget\" data-widget_type=\"shortcode.default\">\n\t\t\t\t<div class=\"elementor-widget-container\">\n\t\t\t\t\t\t\t<div class=\"elementor-shortcode\"><div class=\"everest-forms\"><div class=\"evf-container layout-two\" id=\"evf-236\"><form id=\"evf-form-236\" class=\"everest-form\" data-formid=\"236\" data-ajax_submission=\"0\" data-keyboard_friendly_form=\"0\" data-form_state_type=\"\" method=\"post\" enctype=\"multipart\/form-data\" action=\"\/index.php\/wp-json\/wp\/v2\/pages\/20\"><div class=\"evf-field-container\"><input type=\"hidden\" id=\"_wpnonce236\" name=\"_wpnonce236\" value=\"dceb29cc8d\" \/><input type=\"hidden\" name=\"_wp_http_referer\" value=\"\/index.php\/wp-json\/wp\/v2\/pages\/20\" \/><div class=\"evf-frontend-row\" data-row=\"row_1\" conditional_rules=\"[]\"><div class=\"evf-frontend-grid evf-grid-2\" data-grid=\"grid_1\"><div id=\"evf-236-field_0rRKcrjjLs-1-container\" class=\"evf-field evf-field-first-name form-row validate-required\" data-required-field-message=\"Este campo es obligatorio.\" data-field-id=\"0rRKcrjjLs-1\"><label class=\"evf-field-label\" for=\"evf-236-field_0rRKcrjjLs-1\"><span class=\"evf-label\">Nombre<\/span> <abbr class=\"required\" title=\"Obligatorio\">*<\/abbr><\/label><input type=\"text\" id=\"evf-236-field_0rRKcrjjLs-1\" class=\"input-text\" name=\"everest_forms[form_fields][0rRKcrjjLs-1]\" required><\/div><\/div><div class=\"evf-frontend-grid evf-grid-2\" data-grid=\"grid_2\"><div id=\"evf-236-field_DH0blzo9zg-9-container\" class=\"evf-field evf-field-email form-row validate-required validate-email\" data-required-field-message=\"Por favor, usa una direcci\u00f3n de correo electr\u00f3nico v\u00e1lida.\" data-field-id=\"DH0blzo9zg-9\"><label class=\"evf-field-label\" for=\"evf-236-field_DH0blzo9zg-9\"><span class=\"evf-label\">Correo electr\u00f3nico<\/span> <abbr class=\"required\" title=\"Obligatorio\">*<\/abbr><\/label><input type=\"email\" id=\"evf-236-field_DH0blzo9zg-9\" class=\"input-text\" name=\"everest_forms[form_fields][DH0blzo9zg-9]\" required ><\/div><\/div><\/div><div class=\"evf-frontend-row\" data-row=\"row_2\" conditional_rules=\"[]\"><div class=\"evf-frontend-grid evf-grid-1\" data-grid=\"grid_1\"><div id=\"evf-236-field_QXf6B0trBJ-10-container\" class=\"evf-field evf-field-first-name form-row\" data-field-id=\"QXf6B0trBJ-10\"><label class=\"evf-field-label\" for=\"evf-236-field_QXf6B0trBJ-10\"><span class=\"evf-label\">Asunto<\/span> <\/label><input type=\"text\" id=\"evf-236-field_QXf6B0trBJ-10\" class=\"input-text\" name=\"everest_forms[form_fields][QXf6B0trBJ-10]\" ><\/div><\/div><\/div><div class=\"evf-frontend-row\" data-row=\"row_3\" conditional_rules=\"[]\"><div class=\"evf-frontend-grid evf-grid-1\" data-grid=\"grid_1\"><div id=\"evf-236-field_YcVUbH6DRu-15-container\" class=\"evf-field evf-field-textarea form-row validate-required\" data-required-field-message=\"Este campo es obligatorio.\" data-field-id=\"YcVUbH6DRu-15\"><label class=\"evf-field-label\" for=\"evf-236-field_YcVUbH6DRu-15\"><span class=\"evf-label\">Mensaje<\/span> <abbr class=\"required\" title=\"Obligatorio\">*<\/abbr><\/label><textarea id=\"evf-236-field_YcVUbH6DRu-15\" class=\"input-text\" name=\"everest_forms[form_fields][YcVUbH6DRu-15]\" required ><\/textarea><\/div><\/div><\/div><\/div><div class=\"evf-honeypot-container evf-field-hp\"><label for=\"evf-236-field-hp\" class=\"evf-field-label\">Website<\/label><input type=\"text\" name=\"everest_forms[hp]\" id=\"evf-236-field-hp\" class=\"input-text\"><\/div><div class=\"evf-submit-container \" ><input type=\"hidden\" name=\"everest_forms[id]\" value=\"236\"><input type=\"hidden\" name=\"everest_forms[author]\" value=\"1\"><button type='submit' name='everest_forms[submit]' class='everest-forms-submit-button button evf-submit ' id='evf-submit-236' value='evf-submit' data-process-text=\"Enviando...\" conditional_rules='&quot;&quot;' conditional_id='evf-submit-236'  id=\"evf-submit-236\" aria-live=\"assertive\">ENVIAR<\/button><\/div><\/form><\/div><!-- .evf-container --><\/div> <\/div>\n\t\t\t\t\t\t<\/div>\n\t\t\t\t<\/div>\n\t\t\t\t\t<\/div>\n\t\t<\/div>\n\t\t\t\t\t<\/div>\n\t\t<\/section>\n\t\t\t\t<\/div>\n\t\t","protected":false},"excerpt":{"rendered":"<p>Direcci\u00f3n C\u00f3rdoba 4725, Rosario, Santa Fe, Argentina Contacto 0341 4554101 \/ 0341 2553010 fundaciontrafkin@gmail.com Formulario<\/p>\n","protected":false},"author":1,"featured_media":0,"parent":0,"menu_order":0,"comment_status":"closed","ping_status":"closed","template":"","meta":{"_mi_skip_tracking":false,"_monsterinsights_sitenote_active":false,"_monsterinsights_sitenote_note":"","_monsterinsights_sitenote_category":0,"footnotes":""},"class_list":["post-20","page","type-page","status-publish","hentry"],"aioseo_notices":[],"_links":{"self":[{"href":"https:\/\/fundaciontrafkin.org.ar\/index.php\/wp-json\/wp\/v2\/pages\/20","targetHints":{"allow":["GET"]}}],"collection":[{"href":"https:\/\/fundaciontrafkin.org.ar\/index.php\/wp-json\/wp\/v2\/pages"}],"about":[{"href":"https:\/\/fundaciontrafkin.org.ar\/index.php\/wp-json\/wp\/v2\/types\/page"}],"author":[{"embeddable":true,"href":"https:\/\/fundaciontrafkin.org.ar\/index.php\/wp-json\/wp\/v2\/users\/1"}],"replies":[{"embeddable":true,"href":"https:\/\/fundaciontrafkin.org.ar\/index.php\/wp-json\/wp\/v2\/comments?post=20"}],"version-history":[{"count":22,"href":"https:\/\/fundaciontrafkin.org.ar\/index.php\/wp-json\/wp\/v2\/pages\/20\/revisions"}],"predecessor-version":[{"id":315,"href":"https:\/\/fundaciontrafkin.org.ar\/index.php\/wp-json\/wp\/v2\/pages\/20\/revisions\/315"}],"wp:attachment":[{"href":"https:\/\/fundaciontrafkin.org.ar\/index.php\/wp-json\/wp\/v2\/media?parent=20"}],"curies":[{"name":"wp","href":"https:\/\/api.w.org\/{rel}","templated":true}]}}