{"id":6,"date":"2021-11-29T19:41:37","date_gmt":"2021-11-29T19:41:37","guid":{"rendered":"https:\/\/fundaciontrafkin.org.ar\/?page_id=6"},"modified":"2022-01-12T19:29:48","modified_gmt":"2022-01-12T19:29:48","slug":"inicio","status":"publish","type":"page","link":"https:\/\/fundaciontrafkin.org.ar\/","title":{"rendered":"Inicio"},"content":{"rendered":"\t\t<div data-elementor-type=\"wp-page\" data-elementor-id=\"6\" class=\"elementor elementor-6\">\n\t\t\t\t\t\t<section class=\"elementor-section elementor-top-section elementor-element elementor-element-ce671f1 elementor-section-full_width elementor-section-height-default elementor-section-height-default\" data-id=\"ce671f1\" data-element_type=\"section\" data-e-type=\"section\" data-settings=\"{&quot;background_background&quot;:&quot;slideshow&quot;,&quot;background_slideshow_gallery&quot;:[{&quot;id&quot;:73,&quot;url&quot;:&quot;https:\\\/\\\/fundaciontrafkin.org.ar\\\/wp-content\\\/uploads\\\/2021\\\/11\\\/26116083_520217185025849_391966074762330870_o-e1638235410966.jpg&quot;}],&quot;background_slideshow_loop&quot;:&quot;yes&quot;,&quot;background_slideshow_slide_duration&quot;:5000,&quot;background_slideshow_slide_transition&quot;:&quot;fade&quot;,&quot;background_slideshow_transition_duration&quot;:500}\">\n\t\t\t\t\t\t\t<div class=\"elementor-background-overlay\"><\/div>\n\t\t\t\t\t\t\t<div class=\"elementor-container elementor-column-gap-no\">\n\t\t\t\t\t<div class=\"elementor-column elementor-col-100 elementor-top-column elementor-element elementor-element-6c589e6\" data-id=\"6c589e6\" data-element_type=\"column\" data-e-type=\"column\">\n\t\t\t<div class=\"elementor-widget-wrap elementor-element-populated\">\n\t\t\t\t\t\t<div class=\"elementor-element elementor-element-2252323 elementor-widget elementor-widget-heading\" data-id=\"2252323\" data-element_type=\"widget\" data-e-type=\"widget\" data-widget_type=\"heading.default\">\n\t\t\t\t<div class=\"elementor-widget-container\">\n\t\t\t\t\t<h2 class=\"elementor-heading-title elementor-size-default\">Ayudanos a ayudar<\/h2>\t\t\t\t<\/div>\n\t\t\t\t<\/div>\n\t\t\t\t<div class=\"elementor-element elementor-element-1ea6d2d elementor-widget elementor-widget-heading\" data-id=\"1ea6d2d\" data-element_type=\"widget\" data-e-type=\"widget\" data-widget_type=\"heading.default\">\n\t\t\t\t<div class=\"elementor-widget-container\">\n\t\t\t\t\t<h2 class=\"elementor-heading-title elementor-size-default\">En forma individual podemos llegar m\u00e1s r\u00e1pido, pero en conjunto podemos llegar m\u00e1s lejos<\/h2>\t\t\t\t<\/div>\n\t\t\t\t<\/div>\n\t\t\t\t<div class=\"elementor-element elementor-element-e42c578 elementor-align-center elementor-widget elementor-widget-button\" data-id=\"e42c578\" data-element_type=\"widget\" data-e-type=\"widget\" data-widget_type=\"button.default\">\n\t\t\t\t<div class=\"elementor-widget-container\">\n\t\t\t\t\t\t\t\t\t<div class=\"elementor-button-wrapper\">\n\t\t\t\t\t<a class=\"elementor-button elementor-button-link elementor-size-lg\" href=\"https:\/\/fundaciontrafkin.org.ar\/index.php\/donaciones\/\">\n\t\t\t\t\t\t<span class=\"elementor-button-content-wrapper\">\n\t\t\t\t\t\t\t\t\t<span class=\"elementor-button-text\">Hac\u00e9 tu donaci\u00f3n<\/span>\n\t\t\t\t\t<\/span>\n\t\t\t\t\t<\/a>\n\t\t\t\t<\/div>\n\t\t\t\t\t\t\t\t<\/div>\n\t\t\t\t<\/div>\n\t\t\t\t\t<\/div>\n\t\t<\/div>\n\t\t\t\t\t<\/div>\n\t\t<\/section>\n\t\t\t\t<section class=\"elementor-section elementor-top-section elementor-element elementor-element-2060a7cf elementor-section-content-middle elementor-reverse-mobile elementor-section-boxed elementor-section-height-default elementor-section-height-default\" data-id=\"2060a7cf\" data-element_type=\"section\" data-e-type=\"section\" data-settings=\"{&quot;background_background&quot;:&quot;classic&quot;}\">\n\t\t\t\t\t\t<div class=\"elementor-container elementor-column-gap-no\">\n\t\t\t\t\t<div class=\"elementor-column elementor-col-50 elementor-top-column elementor-element elementor-element-4b887bf0\" data-id=\"4b887bf0\" data-element_type=\"column\" data-e-type=\"column\">\n\t\t\t<div class=\"elementor-widget-wrap elementor-element-populated\">\n\t\t\t\t\t\t<div class=\"elementor-element elementor-element-9d45abc elementor-widget elementor-widget-heading\" data-id=\"9d45abc\" data-element_type=\"widget\" data-e-type=\"widget\" data-widget_type=\"heading.default\">\n\t\t\t\t<div class=\"elementor-widget-container\">\n\t\t\t\t\t<h4 class=\"elementor-heading-title elementor-size-default\">Sobre nosotros<\/h4>\t\t\t\t<\/div>\n\t\t\t\t<\/div>\n\t\t\t\t<div class=\"elementor-element elementor-element-7d4e30c1 elementor-widget elementor-widget-text-editor\" data-id=\"7d4e30c1\" data-element_type=\"widget\" data-e-type=\"widget\" data-widget_type=\"text-editor.default\">\n\t\t\t\t<div class=\"elementor-widget-container\">\n\t\t\t\t\t\t\t\t\t<p><strong>Trafkin<\/strong> es una palabra de origen Araucano que significa <strong>\u00abun amigo que ayuda\u00bb<\/strong>, y en concordancia con su nombre, esta fundaci\u00f3n tiene como objetivo el asistir a personas carenciadas, de bajos recursos, en situaciones de extrema vulnerabilidad y pueblos originarios con carencias. Nuestra misi\u00f3n institucional es la ayuda social a trav\u00e9s de la educaci\u00f3n y la salud.<\/p>\t\t\t\t\t\t\t\t<\/div>\n\t\t\t\t<\/div>\n\t\t\t\t<div class=\"elementor-element elementor-element-2b0ff66f elementor-mobile-align-center elementor-widget elementor-widget-button\" data-id=\"2b0ff66f\" data-element_type=\"widget\" data-e-type=\"widget\" data-widget_type=\"button.default\">\n\t\t\t\t<div class=\"elementor-widget-container\">\n\t\t\t\t\t\t\t\t\t<div class=\"elementor-button-wrapper\">\n\t\t\t\t\t<a class=\"elementor-button elementor-button-link elementor-size-sm elementor-animation-grow\" href=\"https:\/\/fundaciontrafkin.org.ar\/index.php\/elementor-164\">\n\t\t\t\t\t\t<span class=\"elementor-button-content-wrapper\">\n\t\t\t\t\t\t\t\t\t<span class=\"elementor-button-text\">Leer m\u00e1s<\/span>\n\t\t\t\t\t<\/span>\n\t\t\t\t\t<\/a>\n\t\t\t\t<\/div>\n\t\t\t\t\t\t\t\t<\/div>\n\t\t\t\t<\/div>\n\t\t\t\t\t<\/div>\n\t\t<\/div>\n\t\t\t\t<div class=\"elementor-column elementor-col-50 elementor-top-column elementor-element elementor-element-4e852535\" data-id=\"4e852535\" data-element_type=\"column\" data-e-type=\"column\">\n\t\t\t<div class=\"elementor-widget-wrap elementor-element-populated\">\n\t\t\t\t\t\t<div class=\"elementor-element elementor-element-7c63ea1d elementor-hidden-mobile elementor-widget elementor-widget-image\" data-id=\"7c63ea1d\" data-element_type=\"widget\" data-e-type=\"widget\" data-widget_type=\"image.default\">\n\t\t\t\t<div class=\"elementor-widget-container\">\n\t\t\t\t\t\t\t\t\t\t\t\t\t\t\t<img fetchpriority=\"high\" decoding=\"async\" width=\"590\" height=\"400\" src=\"https:\/\/fundaciontrafkin.org.ar\/wp-content\/uploads\/2021\/11\/quienes-somos.png\" class=\"attachment-full size-full wp-image-116\" alt=\"\" srcset=\"https:\/\/fundaciontrafkin.org.ar\/wp-content\/uploads\/2021\/11\/quienes-somos.png 590w, https:\/\/fundaciontrafkin.org.ar\/wp-content\/uploads\/2021\/11\/quienes-somos-300x203.png 300w\" sizes=\"(max-width: 590px) 100vw, 590px\" \/>\t\t\t\t\t\t\t\t\t\t\t\t\t\t\t<\/div>\n\t\t\t\t<\/div>\n\t\t\t\t\t<\/div>\n\t\t<\/div>\n\t\t\t\t\t<\/div>\n\t\t<\/section>\n\t\t\t\t<section class=\"elementor-section elementor-top-section elementor-element elementor-element-1d0f6663 elementor-section-content-middle elementor-section-boxed elementor-section-height-default elementor-section-height-default\" data-id=\"1d0f6663\" data-element_type=\"section\" data-e-type=\"section\">\n\t\t\t\t\t\t<div class=\"elementor-container elementor-column-gap-no\">\n\t\t\t\t\t<div class=\"elementor-column elementor-col-100 elementor-top-column elementor-element elementor-element-3d6e03dd\" data-id=\"3d6e03dd\" data-element_type=\"column\" data-e-type=\"column\">\n\t\t\t<div class=\"elementor-widget-wrap elementor-element-populated\">\n\t\t\t\t\t\t<div class=\"elementor-element elementor-element-29bd6d55 elementor-widget elementor-widget-heading\" data-id=\"29bd6d55\" data-element_type=\"widget\" data-e-type=\"widget\" data-widget_type=\"heading.default\">\n\t\t\t\t<div class=\"elementor-widget-container\">\n\t\t\t\t\t<h6 class=\"elementor-heading-title elementor-size-default\">Comunicados<\/h6>\t\t\t\t<\/div>\n\t\t\t\t<\/div>\n\t\t\t\t<div class=\"elementor-element elementor-element-77e0167b elementor-widget elementor-widget-heading\" data-id=\"77e0167b\" data-element_type=\"widget\" data-e-type=\"widget\" data-widget_type=\"heading.default\">\n\t\t\t\t<div class=\"elementor-widget-container\">\n\t\t\t\t\t<h5 class=\"elementor-heading-title elementor-size-default\">Acercate a ayudarnos<\/h5>\t\t\t\t<\/div>\n\t\t\t\t<\/div>\n\t\t\t\t<section class=\"elementor-section elementor-inner-section elementor-element elementor-element-6cee0cec elementor-section-content-middle elementor-section-boxed elementor-section-height-default elementor-section-height-default\" data-id=\"6cee0cec\" data-element_type=\"section\" data-e-type=\"section\">\n\t\t\t\t\t\t<div class=\"elementor-container elementor-column-gap-default\">\n\t\t\t\t\t<div class=\"elementor-column elementor-col-50 elementor-inner-column elementor-element elementor-element-69f5dbce\" data-id=\"69f5dbce\" data-element_type=\"column\" data-e-type=\"column\">\n\t\t\t<div class=\"elementor-widget-wrap elementor-element-populated\">\n\t\t\t\t\t\t<div class=\"elementor-element elementor-element-3389c019 elementor-position-top elementor-widget elementor-widget-image-box\" data-id=\"3389c019\" data-element_type=\"widget\" data-e-type=\"widget\" data-widget_type=\"image-box.default\">\n\t\t\t\t<div class=\"elementor-widget-container\">\n\t\t\t\t\t<div class=\"elementor-image-box-wrapper\"><figure class=\"elementor-image-box-img\"><img decoding=\"async\" width=\"1080\" height=\"1080\" src=\"https:\/\/fundaciontrafkin.org.ar\/wp-content\/uploads\/2021\/11\/Flyer_v1.png\" class=\"attachment-full size-full wp-image-117\" alt=\"\" srcset=\"https:\/\/fundaciontrafkin.org.ar\/wp-content\/uploads\/2021\/11\/Flyer_v1.png 1080w, https:\/\/fundaciontrafkin.org.ar\/wp-content\/uploads\/2021\/11\/Flyer_v1-300x300.png 300w, https:\/\/fundaciontrafkin.org.ar\/wp-content\/uploads\/2021\/11\/Flyer_v1-1024x1024.png 1024w, https:\/\/fundaciontrafkin.org.ar\/wp-content\/uploads\/2021\/11\/Flyer_v1-150x150.png 150w, https:\/\/fundaciontrafkin.org.ar\/wp-content\/uploads\/2021\/11\/Flyer_v1-768x768.png 768w\" sizes=\"(max-width: 1080px) 100vw, 1080px\" \/><\/figure><\/div>\t\t\t\t<\/div>\n\t\t\t\t<\/div>\n\t\t\t\t\t<\/div>\n\t\t<\/div>\n\t\t\t\t<div class=\"elementor-column elementor-col-50 elementor-inner-column elementor-element elementor-element-26d2fd76\" data-id=\"26d2fd76\" data-element_type=\"column\" data-e-type=\"column\">\n\t\t\t<div class=\"elementor-widget-wrap elementor-element-populated\">\n\t\t\t\t\t\t<div class=\"elementor-element elementor-element-377346ad elementor-position-top elementor-widget elementor-widget-image-box\" data-id=\"377346ad\" data-element_type=\"widget\" data-e-type=\"widget\" data-widget_type=\"image-box.default\">\n\t\t\t\t<div class=\"elementor-widget-container\">\n\t\t\t\t\t<div class=\"elementor-image-box-wrapper\"><figure class=\"elementor-image-box-img\"><img decoding=\"async\" width=\"2160\" height=\"2160\" src=\"https:\/\/fundaciontrafkin.org.ar\/wp-content\/uploads\/2021\/11\/Mesa-de-trabajo-1@2x.png\" class=\"attachment-full size-full wp-image-118\" alt=\"\" srcset=\"https:\/\/fundaciontrafkin.org.ar\/wp-content\/uploads\/2021\/11\/Mesa-de-trabajo-1@2x.png 2160w, https:\/\/fundaciontrafkin.org.ar\/wp-content\/uploads\/2021\/11\/Mesa-de-trabajo-1@2x-300x300.png 300w, https:\/\/fundaciontrafkin.org.ar\/wp-content\/uploads\/2021\/11\/Mesa-de-trabajo-1@2x-1024x1024.png 1024w, https:\/\/fundaciontrafkin.org.ar\/wp-content\/uploads\/2021\/11\/Mesa-de-trabajo-1@2x-150x150.png 150w, https:\/\/fundaciontrafkin.org.ar\/wp-content\/uploads\/2021\/11\/Mesa-de-trabajo-1@2x-768x768.png 768w, https:\/\/fundaciontrafkin.org.ar\/wp-content\/uploads\/2021\/11\/Mesa-de-trabajo-1@2x-1536x1536.png 1536w, https:\/\/fundaciontrafkin.org.ar\/wp-content\/uploads\/2021\/11\/Mesa-de-trabajo-1@2x-2048x2048.png 2048w\" sizes=\"(max-width: 2160px) 100vw, 2160px\" \/><\/figure><\/div>\t\t\t\t<\/div>\n\t\t\t\t<\/div>\n\t\t\t\t\t<\/div>\n\t\t<\/div>\n\t\t\t\t\t<\/div>\n\t\t<\/section>\n\t\t\t\t<section class=\"elementor-section elementor-inner-section elementor-element elementor-element-10472303 elementor-section-content-middle elementor-section-boxed elementor-section-height-default elementor-section-height-default\" data-id=\"10472303\" data-element_type=\"section\" data-e-type=\"section\">\n\t\t\t\t\t\t<div class=\"elementor-container elementor-column-gap-default\">\n\t\t\t\t\t<div class=\"elementor-column elementor-col-50 elementor-inner-column elementor-element elementor-element-43713b1f\" data-id=\"43713b1f\" data-element_type=\"column\" data-e-type=\"column\">\n\t\t\t<div class=\"elementor-widget-wrap elementor-element-populated\">\n\t\t\t\t\t\t<div class=\"elementor-element elementor-element-452fdf61 elementor-position-top elementor-widget elementor-widget-image-box\" data-id=\"452fdf61\" data-element_type=\"widget\" data-e-type=\"widget\" data-widget_type=\"image-box.default\">\n\t\t\t\t<div class=\"elementor-widget-container\">\n\t\t\t\t\t<div class=\"elementor-image-box-wrapper\"><figure class=\"elementor-image-box-img\"><img loading=\"lazy\" decoding=\"async\" width=\"1080\" height=\"1080\" src=\"https:\/\/fundaciontrafkin.org.ar\/wp-content\/uploads\/2021\/11\/Flyer.png\" class=\"attachment-full size-full wp-image-119\" alt=\"\" srcset=\"https:\/\/fundaciontrafkin.org.ar\/wp-content\/uploads\/2021\/11\/Flyer.png 1080w, https:\/\/fundaciontrafkin.org.ar\/wp-content\/uploads\/2021\/11\/Flyer-300x300.png 300w, https:\/\/fundaciontrafkin.org.ar\/wp-content\/uploads\/2021\/11\/Flyer-1024x1024.png 1024w, https:\/\/fundaciontrafkin.org.ar\/wp-content\/uploads\/2021\/11\/Flyer-150x150.png 150w, https:\/\/fundaciontrafkin.org.ar\/wp-content\/uploads\/2021\/11\/Flyer-768x768.png 768w\" sizes=\"(max-width: 1080px) 100vw, 1080px\" \/><\/figure><\/div>\t\t\t\t<\/div>\n\t\t\t\t<\/div>\n\t\t\t\t\t<\/div>\n\t\t<\/div>\n\t\t\t\t<div class=\"elementor-column elementor-col-50 elementor-inner-column elementor-element elementor-element-64329c71\" data-id=\"64329c71\" data-element_type=\"column\" data-e-type=\"column\">\n\t\t\t<div class=\"elementor-widget-wrap elementor-element-populated\">\n\t\t\t\t\t\t<div class=\"elementor-element elementor-element-27efc8b1 elementor-position-top elementor-widget elementor-widget-image-box\" data-id=\"27efc8b1\" data-element_type=\"widget\" data-e-type=\"widget\" data-widget_type=\"image-box.default\">\n\t\t\t\t<div class=\"elementor-widget-container\">\n\t\t\t\t\t<div class=\"elementor-image-box-wrapper\"><figure class=\"elementor-image-box-img\"><img loading=\"lazy\" decoding=\"async\" width=\"2250\" height=\"2250\" src=\"https:\/\/fundaciontrafkin.org.ar\/wp-content\/uploads\/2021\/11\/Flyer2_Mesa-de-trabajo-1.png\" class=\"attachment-full size-full wp-image-120\" alt=\"\" srcset=\"https:\/\/fundaciontrafkin.org.ar\/wp-content\/uploads\/2021\/11\/Flyer2_Mesa-de-trabajo-1.png 2250w, https:\/\/fundaciontrafkin.org.ar\/wp-content\/uploads\/2021\/11\/Flyer2_Mesa-de-trabajo-1-300x300.png 300w, https:\/\/fundaciontrafkin.org.ar\/wp-content\/uploads\/2021\/11\/Flyer2_Mesa-de-trabajo-1-1024x1024.png 1024w, https:\/\/fundaciontrafkin.org.ar\/wp-content\/uploads\/2021\/11\/Flyer2_Mesa-de-trabajo-1-150x150.png 150w, https:\/\/fundaciontrafkin.org.ar\/wp-content\/uploads\/2021\/11\/Flyer2_Mesa-de-trabajo-1-768x768.png 768w, https:\/\/fundaciontrafkin.org.ar\/wp-content\/uploads\/2021\/11\/Flyer2_Mesa-de-trabajo-1-1536x1536.png 1536w, https:\/\/fundaciontrafkin.org.ar\/wp-content\/uploads\/2021\/11\/Flyer2_Mesa-de-trabajo-1-2048x2048.png 2048w\" sizes=\"(max-width: 2250px) 100vw, 2250px\" \/><\/figure><\/div>\t\t\t\t<\/div>\n\t\t\t\t<\/div>\n\t\t\t\t\t<\/div>\n\t\t<\/div>\n\t\t\t\t\t<\/div>\n\t\t<\/section>\n\t\t\t\t\t<\/div>\n\t\t<\/div>\n\t\t\t\t\t<\/div>\n\t\t<\/section>\n\t\t\t\t<\/div>\n\t\t","protected":false},"excerpt":{"rendered":"<p>Ayudanos a ayudar En forma individual podemos llegar m\u00e1s r\u00e1pido, pero en conjunto podemos llegar m\u00e1s lejos Hac\u00e9 tu donaci\u00f3n Sobre nosotros Trafkin es una palabra de origen Araucano que significa \u00abun amigo que ayuda\u00bb, y en concordancia con su nombre, esta fundaci\u00f3n tiene como objetivo el asistir a personas carenciadas, de bajos recursos, en [&hellip;]<\/p>\n","protected":false},"author":1,"featured_media":0,"parent":0,"menu_order":0,"comment_status":"closed","ping_status":"closed","template":"","meta":{"_mi_skip_tracking":false,"_monsterinsights_sitenote_active":false,"_monsterinsights_sitenote_note":"","_monsterinsights_sitenote_category":0,"footnotes":""},"class_list":["post-6","page","type-page","status-publish","hentry"],"aioseo_notices":[],"_links":{"self":[{"href":"https:\/\/fundaciontrafkin.org.ar\/index.php\/wp-json\/wp\/v2\/pages\/6","targetHints":{"allow":["GET"]}}],"collection":[{"href":"https:\/\/fundaciontrafkin.org.ar\/index.php\/wp-json\/wp\/v2\/pages"}],"about":[{"href":"https:\/\/fundaciontrafkin.org.ar\/index.php\/wp-json\/wp\/v2\/types\/page"}],"author":[{"embeddable":true,"href":"https:\/\/fundaciontrafkin.org.ar\/index.php\/wp-json\/wp\/v2\/users\/1"}],"replies":[{"embeddable":true,"href":"https:\/\/fundaciontrafkin.org.ar\/index.php\/wp-json\/wp\/v2\/comments?post=6"}],"version-history":[{"count":73,"href":"https:\/\/fundaciontrafkin.org.ar\/index.php\/wp-json\/wp\/v2\/pages\/6\/revisions"}],"predecessor-version":[{"id":306,"href":"https:\/\/fundaciontrafkin.org.ar\/index.php\/wp-json\/wp\/v2\/pages\/6\/revisions\/306"}],"wp:attachment":[{"href":"https:\/\/fundaciontrafkin.org.ar\/index.php\/wp-json\/wp\/v2\/media?parent=6"}],"curies":[{"name":"wp","href":"https:\/\/api.w.org\/{rel}","templated":true}]}}